{"id":10,"date":"2023-12-28T15:53:49","date_gmt":"2023-12-28T18:53:49","guid":{"rendered":"https:\/\/vempracombu.com.br\/?page_id=10"},"modified":"2024-11-13T10:47:25","modified_gmt":"2024-11-13T13:47:25","slug":"teste","status":"publish","type":"page","link":"https:\/\/vempracombu.com.br\/?page_id=10","title":{"rendered":"Elementor #10"},"content":{"rendered":"\t\t<div data-elementor-type=\"wp-page\" data-elementor-id=\"10\" class=\"elementor elementor-10\">\n\t\t\t\t<div class=\"elementor-element elementor-element-0a2bb98 e-flex e-con-boxed e-con e-parent\" data-id=\"0a2bb98\" data-element_type=\"container\" data-settings=\"{&quot;background_background&quot;:&quot;classic&quot;}\">\n\t\t\t\t\t<div class=\"e-con-inner\">\n\t\t<div class=\"elementor-element elementor-element-881ef39 e-flex e-con-boxed e-con e-child\" data-id=\"881ef39\" data-element_type=\"container\" data-settings=\"{&quot;background_background&quot;:&quot;gradient&quot;}\">\n\t\t\t\t\t<div class=\"e-con-inner\">\n\t\t\t\t<div class=\"elementor-element elementor-element-ab376f2 elementor-widget elementor-widget-spacer\" data-id=\"ab376f2\" data-element_type=\"widget\" data-widget_type=\"spacer.default\">\n\t\t\t\t<div class=\"elementor-widget-container\">\n\t\t\t\t\t<div class=\"elementor-spacer\">\n\t\t\t<div class=\"elementor-spacer-inner\"><\/div>\n\t\t<\/div>\n\t\t\t\t<\/div>\n\t\t\t\t<\/div>\n\t\t\t\t<div class=\"elementor-element elementor-element-6ff488d elementor-widget elementor-widget-heading\" data-id=\"6ff488d\" data-element_type=\"widget\" data-widget_type=\"heading.default\">\n\t\t\t\t<div class=\"elementor-widget-container\">\n\t\t\t<h2 class=\"elementor-heading-title elementor-size-large\">REVOLUCIONE SEU ATENDIMENTO NO WHATSAPP<\/h2>\t\t<\/div>\n\t\t\t\t<\/div>\n\t\t\t\t<div class=\"elementor-element elementor-element-b84d9ee elementor-widget elementor-widget-heading\" data-id=\"b84d9ee\" data-element_type=\"widget\" data-widget_type=\"heading.default\">\n\t\t\t\t<div class=\"elementor-widget-container\">\n\t\t\t<h2 class=\"elementor-heading-title elementor-size-large\">TRANSFORME SUA COMUNI\u00c7\u00c3O EM UM PODEROSO DIFERENCIAL E CONVERTA MUITO MAIS VENDAS!<\/h2>\t\t<\/div>\n\t\t\t\t<\/div>\n\t\t\t\t<div class=\"elementor-element elementor-element-1881ba7 elementor-align-center elementor-mobile-align-center elementor-widget elementor-widget-button\" data-id=\"1881ba7\" data-element_type=\"widget\" data-widget_type=\"button.default\">\n\t\t\t\t<div class=\"elementor-widget-container\">\n\t\t\t\t\t\t\t<div class=\"elementor-button-wrapper\">\n\t\t\t\t\t<a class=\"elementor-button elementor-button-link elementor-size-sm\" href=\"https:\/\/wa.me\/5547974000982?text=Quero%20testar%20o%20atendimento%20automatizado!\">\n\t\t\t\t\t\t<span class=\"elementor-button-content-wrapper\">\n\t\t\t\t\t\t\t\t\t<span class=\"elementor-button-text\">CLIQUE AQUI PARA TESTAR AGORA!<\/span>\n\t\t\t\t\t<\/span>\n\t\t\t\t\t<\/a>\n\t\t\t\t<\/div>\n\t\t\t\t\t\t<\/div>\n\t\t\t\t<\/div>\n\t\t\t\t<div class=\"elementor-element elementor-element-34b835f elementor-widget elementor-widget-text-editor\" data-id=\"34b835f\" data-element_type=\"widget\" data-widget_type=\"text-editor.default\">\n\t\t\t\t<div class=\"elementor-widget-container\">\n\t\t\t\t\t\t\t<p>Modernize seu neg\u00f3cio! Automatize o atendimento no WhatsApp. Ganhe efici\u00eancia, economize tempo e conquiste autonomia, elevando sua empresa ao pr\u00f3ximo n\u00edvel de profissionalismo.<\/p>\t\t\t\t\t\t<\/div>\n\t\t\t\t<\/div>\n\t\t\t\t<div class=\"elementor-element elementor-element-1aa2753 elementor-widget elementor-widget-spacer\" data-id=\"1aa2753\" data-element_type=\"widget\" data-widget_type=\"spacer.default\">\n\t\t\t\t<div class=\"elementor-widget-container\">\n\t\t\t\t\t<div class=\"elementor-spacer\">\n\t\t\t<div class=\"elementor-spacer-inner\"><\/div>\n\t\t<\/div>\n\t\t\t\t<\/div>\n\t\t\t\t<\/div>\n\t\t\t\t\t<\/div>\n\t\t\t\t<\/div>\n\t\t\t\t\t<\/div>\n\t\t\t\t<\/div>\n\t\t\t\t<\/div>\n\t\t","protected":false},"excerpt":{"rendered":"<p>REVOLUCIONE SEU ATENDIMENTO NO WHATSAPP TRANSFORME SUA COMUNI\u00c7\u00c3O EM UM PODEROSO DIFERENCIAL E CONVERTA MUITO MAIS VENDAS! CLIQUE AQUI PARA TESTAR AGORA! Modernize seu neg\u00f3cio! Automatize o atendimento no WhatsApp. Ganhe efici\u00eancia, economize tempo e conquiste autonomia, elevando sua empresa ao pr\u00f3ximo n\u00edvel de profissionalismo.<\/p>\n","protected":false},"author":1,"featured_media":76,"parent":0,"menu_order":0,"comment_status":"closed","ping_status":"closed","template":"elementor_canvas","meta":{"footnotes":""},"class_list":["post-10","page","type-page","status-publish","has-post-thumbnail","hentry"],"_links":{"self":[{"href":"https:\/\/vempracombu.com.br\/index.php?rest_route=\/wp\/v2\/pages\/10","targetHints":{"allow":["GET"]}}],"collection":[{"href":"https:\/\/vempracombu.com.br\/index.php?rest_route=\/wp\/v2\/pages"}],"about":[{"href":"https:\/\/vempracombu.com.br\/index.php?rest_route=\/wp\/v2\/types\/page"}],"author":[{"embeddable":true,"href":"https:\/\/vempracombu.com.br\/index.php?rest_route=\/wp\/v2\/users\/1"}],"replies":[{"embeddable":true,"href":"https:\/\/vempracombu.com.br\/index.php?rest_route=%2Fwp%2Fv2%2Fcomments&post=10"}],"version-history":[{"count":70,"href":"https:\/\/vempracombu.com.br\/index.php?rest_route=\/wp\/v2\/pages\/10\/revisions"}],"predecessor-version":[{"id":163,"href":"https:\/\/vempracombu.com.br\/index.php?rest_route=\/wp\/v2\/pages\/10\/revisions\/163"}],"wp:featuredmedia":[{"embeddable":true,"href":"https:\/\/vempracombu.com.br\/index.php?rest_route=\/wp\/v2\/media\/76"}],"wp:attachment":[{"href":"https:\/\/vempracombu.com.br\/index.php?rest_route=%2Fwp%2Fv2%2Fmedia&parent=10"}],"curies":[{"name":"wp","href":"https:\/\/api.w.org\/{rel}","templated":true}]}}